{"id":124,"date":"2014-05-22T10:24:04","date_gmt":"2014-05-22T09:24:04","guid":{"rendered":"http:\/\/www.maisondelestuaire.fr\/?page_id=124"},"modified":"2014-05-23T20:26:13","modified_gmt":"2014-05-23T19:26:13","slug":"offensive-contre-plantes-invasives","status":"publish","type":"page","link":"https:\/\/www.maisondelestuaire.fr\/?page_id=124","title":{"rendered":"offensive contre plantes invasives"},"content":{"rendered":"<header class=\"entry-header\">\n<div class=\"entry-meta\" style=\"font-style: inherit; color: #767676;\"><span class=\"cat-links\" style=\"font-weight: 900; font-style: inherit;\"><a style=\"font-weight: inherit; font-style: inherit;\" title=\"Voir tous les articles dans actions de protection\" href=\"http:\/\/www.maisondelestuaire.fr\/?cat=3\" rel=\"category\">ACTIONS DE PROTECTION<\/a><\/span><\/div>\n<h1 class=\"entry-title\" style=\"font-weight: 300; font-style: inherit;\"><a style=\"font-style: inherit;\" href=\"http:\/\/www.maisondelestuaire.fr\/?p=120\" rel=\"bookmark\">SAMEDI 31 MAI \u00c0 14H30 : JOURN\u00c9E D\u2019OFFENSIVE CONTRE LES PLANTES INVASIVES<\/a><\/h1>\n<div class=\"entry-meta\" style=\"font-style: inherit; color: #767676;\"><span class=\"entry-date\" style=\"font-style: inherit;\"><a style=\"font-style: inherit; color: #767676;\" href=\"http:\/\/www.maisondelestuaire.fr\/?p=120\" rel=\"bookmark\"><time class=\"entry-date\" datetime=\"2014-05-22T08:53:39+00:00\">22 MAI 2014<\/time><\/a><\/span>\u00a0<span class=\"comments-link\" style=\"font-style: inherit;\"><a style=\"font-style: inherit; color: #767676;\" title=\"Commentaire sur Samedi 31 Mai \u00e0 14h30 : Journ\u00e9e d\u2019offensive contre les plantes invasives\" href=\"http:\/\/www.maisondelestuaire.fr\/?p=120#respond\">LAISSER UN COMMENTAIRE<\/a><\/span>\u00a0<span class=\"edit-link\" style=\"font-style: inherit;\"><a class=\"post-edit-link\" style=\"font-style: inherit; color: #767676;\" href=\"http:\/\/www.maisondelestuaire.fr\/wp-admin\/post.php?post=120&amp;action=edit\">MODIFIER<\/a><\/span><\/div>\n<\/header>\n<div class=\"entry-content\">\n<div style=\"font-style: inherit; color: #000000;\"><span style=\"font-weight: bold;\"><span style=\"font-weight: bold;\">\u00a0<\/span><\/span>Un atelier d\u00e9couverte propos\u00e9 par ESTUAIRE et l\u2019association ASTERELLA.<a href=\"http:\/\/www.maisondelestuaire.fr\/wp-content\/uploads\/2014\/05\/Journ\u00e9e-plantes-invasives-samedi-31mai-\u00e0-14h30-\u00e0-la-maison-de-l.jpg\"><img decoding=\"async\" loading=\"lazy\" class=\"alignright wp-image-134 size-medium\" src=\"http:\/\/www.maisondelestuaire.fr\/wp-content\/uploads\/2014\/05\/Journ\u00e9e-plantes-invasives-samedi-31mai-\u00e0-14h30-\u00e0-la-maison-de-l-209x300.jpg\" alt=\"Journ\u00e9e plantes invasives samedi 31mai \u00e0 14h30 \u00e0 la maison de l'\" width=\"209\" height=\"300\" srcset=\"https:\/\/www.maisondelestuaire.fr\/wp-content\/uploads\/2014\/05\/Journ\u00e9e-plantes-invasives-samedi-31mai-\u00e0-14h30-\u00e0-la-maison-de-l-209x300.jpg 209w, https:\/\/www.maisondelestuaire.fr\/wp-content\/uploads\/2014\/05\/Journ\u00e9e-plantes-invasives-samedi-31mai-\u00e0-14h30-\u00e0-la-maison-de-l-715x1024.jpg 715w, https:\/\/www.maisondelestuaire.fr\/wp-content\/uploads\/2014\/05\/Journ\u00e9e-plantes-invasives-samedi-31mai-\u00e0-14h30-\u00e0-la-maison-de-l-900x1288.jpg 900w, https:\/\/www.maisondelestuaire.fr\/wp-content\/uploads\/2014\/05\/Journ\u00e9e-plantes-invasives-samedi-31mai-\u00e0-14h30-\u00e0-la-maison-de-l.jpg 1768w\" sizes=\"(max-width: 209px) 100vw, 209px\" \/><\/a><br \/>\nLe groupement associatif ESTUAIRE et l\u2019association ASTERELLA sont ravis d\u2019organiser, le <strong>samedi 31 mai 2014 \u00e0 14h30<\/strong>, un atelier d\u00e9couverte sur LES PLANTES INVASIVES, ces esp\u00e8ces, souvent \u00e9chapp\u00e9es de jardin, qui envahissent et mettent en p\u00e9ril notre \u00e9cosyst\u00e8me.<br \/>\nCet atelier original offre une information indispensable \u00e0 tous les jardiniers sur le choix des esp\u00e8ces et leurs cons\u00e9quences, avec une d\u00e9monstration concr\u00e8te.<br \/>\nL\u2019estuaire du Payr\u00e9, 1<sup>er<\/sup> site naturel remarquable de Vend\u00e9e est l\u2019image parfaite de l\u2019importance de ce sujet pour la pr\u00e9servation de notre environnement local et la richesse de sa biodiversit\u00e9.<strong>Un \u00e9v\u00e8nement ouvert \u00e0 tous\u00a0!<\/strong><strong>De belles plantes\u2026\u00a0<\/strong><em>Baccharis<\/em>, <em>Phytolacca<\/em>, <em>Ailanthus<\/em>, <em>Oenothera<\/em>, <em>Lagurus<\/em>,\u00a0<em>Parthenocissus<\/em>, \u2026 de dr\u00f4les de noms d\u00e9cid\u00e9ment mais pas des noms d\u2019oiseaux : il s\u2019agit du nom de jolies fleurs \u00e9trang\u00e8res aux charmes v\u00e9n\u00e9neux\u2026 Elles viennent souvent de loin : Canada, Etats Unis, Mexique, Chine, Japon, &#8230; mais parfois aussi des c\u00f4tes m\u00e9diterran\u00e9ennes.<br \/>\nDans nos \u00e9cosyst\u00e8mes, elles sont souvent synonymes de\u00a0d\u00e9s\u00e9quilibre. Difficile toutefois de savoir si leur implantation en est la source ou la cons\u00e9quence. C\u2019est un d\u00e9bat scientifique complexe. \u00a0Pour autant, lorsque cela est possible, mieux vaut les retirer car elles ne s\u2019ins\u00e8rent pas bien dans les chaines alimentaires locales (pas de parasite, pas de pr\u00e9dateur, etc.) aussi leur extension devient souvent incontr\u00f4lable.<br \/>\n<strong>\u2026Qui s\u2019implantent\u00a0!\u00a0<\/strong>Mais au fait, comment sont-elles arriv\u00e9es jusqu\u2019ici ? Faisant jeu de leurs charmes, elles se sont invit\u00e9es dans les esth\u00e9tiques collections exotiques de nos jardins : nous n\u2019avons pas su\u00a0r\u00e9sister \u00e0 leur fatale beaut\u00e9. Les plus robustes d\u2019entre-elles, pass\u00e9 un temps d\u2019adaptation, ont tr\u00e8s vite pris la cl\u00e9 des champs et ont envahi alors nos villes et nos campagnes&#8230;<\/p>\n<p><strong>Un atelier pour d\u00e9couvrir, et agir.\u00a0<\/strong>Dans le cadre privil\u00e9gi\u00e9 de la dune du Payr\u00e9, espace naturel remarquable et \u00e9cosyst\u00e8me complexe, les enjeux apparaitront alors \u00e9vidents.<br \/>\nApr\u00e8s une courte formation th\u00e9orique, vous apprendrez vite \u00e0 les identifier, et, aid\u00e9s de fiches de signalement, vous\u00a0parcourrez en \u00e9quipe la dune et la for\u00eat \u00e0 leur recherche. Ce sera facile, elles sont&#8230;presque partout\u00a0!<br \/>\nAu gr\u00e8s d\u2019une promenade, on fait le plein de connaissance et on agit pour la pr\u00e9servation de notre environnement local\u00a0!<br \/>\nL\u2019atelier s\u2019ach\u00e8vera par une collation conviviale!<\/p>\n<p><strong>Rendez-vous le samedi 31 mai \u00e0 14h30, \u00e0 la Maison de l\u2019estuaire,\u00a0<\/strong>village ostr\u00e9icole des Dunes, chemin Gaborit, la Guitti\u00e8re, Talmont-Saint-Hilaire<\/p>\n<\/div>\n<div style=\"font-style: inherit; color: #000000;\"><span style=\"font-weight: bold; font-style: inherit;\">Venez nous rejoindre\u00a0l\u2019apr\u00e8s-midi du samedi 31 mai \u00e0 14h30 pour pr\u00eater main forte. Le\u00a0go\u00fbter vous sera offert !<\/span><\/div>\n<\/div>\n","protected":false},"excerpt":{"rendered":"<p>ACTIONS DE PROTECTION SAMEDI 31 MAI \u00c0 14H30 : JOURN\u00c9E D\u2019OFFENSIVE CONTRE LES PLANTES INVASIVES 22 MAI 2014\u00a0LAISSER UN COMMENTAIRE\u00a0MODIFIER \u00a0Un atelier d\u00e9couverte propos\u00e9 par ESTUAIRE et l\u2019association ASTERELLA. Le groupement associatif ESTUAIRE et l\u2019association ASTERELLA sont ravis d\u2019organiser, le samedi 31 mai 2014 \u00e0 14h30, un atelier d\u00e9couverte sur LES PLANTES INVASIVES, ces esp\u00e8ces, &hellip; <a href=\"https:\/\/www.maisondelestuaire.fr\/?page_id=124\" class=\"more-link\">Continuer la lecture de <span class=\"screen-reader-text\">offensive contre plantes invasives<\/span> <span class=\"meta-nav\">&rarr;<\/span><\/a><\/p>\n","protected":false},"author":1,"featured_media":0,"parent":2,"menu_order":4,"comment_status":"open","ping_status":"open","template":"page-templates\/full-width.php","meta":[],"_links":{"self":[{"href":"https:\/\/www.maisondelestuaire.fr\/index.php?rest_route=\/wp\/v2\/pages\/124"}],"collection":[{"href":"https:\/\/www.maisondelestuaire.fr\/index.php?rest_route=\/wp\/v2\/pages"}],"about":[{"href":"https:\/\/www.maisondelestuaire.fr\/index.php?rest_route=\/wp\/v2\/types\/page"}],"author":[{"embeddable":true,"href":"https:\/\/www.maisondelestuaire.fr\/index.php?rest_route=\/wp\/v2\/users\/1"}],"replies":[{"embeddable":true,"href":"https:\/\/www.maisondelestuaire.fr\/index.php?rest_route=%2Fwp%2Fv2%2Fcomments&post=124"}],"version-history":[{"count":4,"href":"https:\/\/www.maisondelestuaire.fr\/index.php?rest_route=\/wp\/v2\/pages\/124\/revisions"}],"predecessor-version":[{"id":141,"href":"https:\/\/www.maisondelestuaire.fr\/index.php?rest_route=\/wp\/v2\/pages\/124\/revisions\/141"}],"up":[{"embeddable":true,"href":"https:\/\/www.maisondelestuaire.fr\/index.php?rest_route=\/wp\/v2\/pages\/2"}],"wp:attachment":[{"href":"https:\/\/www.maisondelestuaire.fr\/index.php?rest_route=%2Fwp%2Fv2%2Fmedia&parent=124"}],"curies":[{"name":"wp","href":"https:\/\/api.w.org\/{rel}","templated":true}]}}