{"id":16,"date":"2014-05-02T10:19:51","date_gmt":"2014-05-02T09:19:51","guid":{"rendered":"http:\/\/www.maisondelestuaire.fr\/?page_id=16"},"modified":"2014-05-23T08:36:22","modified_gmt":"2014-05-23T07:36:22","slug":"qui-sommes-nous","status":"publish","type":"page","link":"https:\/\/www.maisondelestuaire.fr\/?page_id=16","title":{"rendered":"qui sommes nous?"},"content":{"rendered":"<p style=\"color: #4d4d4f;\"><img decoding=\"async\" loading=\"lazy\" class=\"alignright wp-image-19 size-medium\" src=\"http:\/\/www.maisondelestuaire.fr\/wp-content\/uploads\/2014\/05\/logomaison-300x259.jpg\" alt=\"logomaison\" width=\"300\" height=\"259\" srcset=\"https:\/\/www.maisondelestuaire.fr\/wp-content\/uploads\/2014\/05\/logomaison-300x259.jpg 300w, https:\/\/www.maisondelestuaire.fr\/wp-content\/uploads\/2014\/05\/logomaison.jpg 926w\" sizes=\"(max-width: 300px) 100vw, 300px\" \/><\/p>\n<p style=\"color: #4d4d4f;\">\u00c0 une douzaine de kilom\u00e8tres des Sables d\u2019Olonne, en plein coeur de l\u2019estuaire remarquablement pr\u00e9serv\u00e9 du Payr\u00e9, entre les communes de Jard-sur-Mer et Talmont-Saint-Hilaire et situ\u00e9e \u00e0 l\u2019intersection de trois milieux (dunes et for\u00eat littorale, estuaire et pr\u00e9s sal\u00e9s, marais sal\u00e9s endigu\u00e9s)\u00a0<span style=\"font-weight: bold;\">la Maison de l\u2019estuaire<\/span>\u00a0a pour but de\u00a0<span style=\"font-weight: bold;\">sensibiliser<\/span>,\u00a0<span style=\"font-weight: bold;\">prot\u00e9ger<\/span>\u00a0et\u00a0<span style=\"font-weight: bold;\">rassembler<\/span>.<\/p>\n<p style=\"color: #4d4d4f;\">Cette association a pour objet la promotion de l\u2019estuaire du Payr\u00e9, de sa p\u00e9riph\u00e9rie imm\u00e9diate et des activit\u00e9s estuariennes et littorales qui s\u2019y exercent ou s\u2019y sont exerc\u00e9es.<\/p>\n<p>Cet objet peut se d\u00e9cliner d\u2019une mani\u00e8re plus large, en particulier selon les axes suivants :<\/p>\n<ul>\n<li>Promotion des productions estuariennes et littorales concern\u00e9es<\/li>\n<li>Sensibilisation et actions de d\u00e9couvertes de ces activit\u00e9s et des habitats pr\u00e9sents<\/li>\n<li>Actions et \u00e9changes avec toute structure pr\u00e9sente sur les autres estuaires et c\u00f4tiers du sud Vend\u00e9e et de Charente Maritime (du Payr\u00e9 \u00e0 la Gironde)<\/li>\n<\/ul>\n<p>Son si\u00e8ge est bien s\u00fbr \u00e0 la Maison de l\u2019estuaire comme le SCOBAP et l\u2019AMG (Association des Marais de la Guitti\u00e8re) mais celle-ci, compos\u00e9e du GAE, de la LPO, du Centre Socio-Culturel du Talmondais, de la Soci\u00e9t\u00e9 de Chasse St-Hubert (des villages d\u2019Ilaude, la Guitti\u00e8re et le Port), n\u2019est pas une structure du GAE.<\/p>\n<p style=\"color: #4d4d4f;\"><a href=\"http:\/\/www.maisondelestuaire.fr\/wp-content\/uploads\/2014\/05\/IMG_1010-300x225.jpg\"><img decoding=\"async\" loading=\"lazy\" class=\"alignleft wp-image-10 size-full\" src=\"http:\/\/www.maisondelestuaire.fr\/wp-content\/uploads\/2014\/05\/IMG_1010-300x225.jpg\" alt=\"maison\" width=\"300\" height=\"225\" \/><\/a><\/p>\n<p style=\"color: #4d4d4f;\">Le Conseil d\u2019Administration qui pr\u00e9side au devenir de la MDLE est compos\u00e9e ainsi :<\/p>\n<ul style=\"color: #4d4d4f;\">\n<li>Pr\u00e9sident : Daniel Verfaillie<\/li>\n<li>Secr\u00e9taire : Marina Doug\u00e9 (ancienne animatrice du GAE pendant 3 ans ; actuellement travaillant \u00e0 l\u2019Aiguillon sur Mer, \u00e0 la Sous-Section R\u00e9gionale Mytilicole des Pays de la Loire)<\/li>\n<li>Tr\u00e9sorier : Patrick Guyau.<\/li>\n<\/ul>\n<p><strong>Nous contacter : <\/strong><\/p>\n<ul>\n<li>envoyer un mail \u00e0 \u00ab\u00a0<a href=\"mailto:estuaire@mac.com\">estuaire@mac.com<\/a>\u00ab\u00a0<\/li>\n<li>t\u00e9l\u00e9phoner au\u00a0\u00a0<strong>02 51 20 74 85<\/strong><\/li>\n<li>passer nous voir au port de La Guitti\u00e8re\u00a085440 Talmont-Saint-Hilaire en Vend\u00e9e \u2013 France<\/li>\n<\/ul>\n<p style=\"color: #4d4d4f;\">\n","protected":false},"excerpt":{"rendered":"<p>\u00c0 une douzaine de kilom\u00e8tres des Sables d\u2019Olonne, en plein coeur de l\u2019estuaire remarquablement pr\u00e9serv\u00e9 du Payr\u00e9, entre les communes de Jard-sur-Mer et Talmont-Saint-Hilaire et situ\u00e9e \u00e0 l\u2019intersection de trois milieux (dunes et for\u00eat littorale, estuaire et pr\u00e9s sal\u00e9s, marais sal\u00e9s endigu\u00e9s)\u00a0la Maison de l\u2019estuaire\u00a0a pour but de\u00a0sensibiliser,\u00a0prot\u00e9ger\u00a0et\u00a0rassembler. Cette association a pour objet la promotion &hellip; <a href=\"https:\/\/www.maisondelestuaire.fr\/?page_id=16\" class=\"more-link\">Continuer la lecture de <span class=\"screen-reader-text\">qui sommes nous?<\/span> <span class=\"meta-nav\">&rarr;<\/span><\/a><\/p>\n","protected":false},"author":1,"featured_media":0,"parent":0,"menu_order":0,"comment_status":"open","ping_status":"open","template":"page-templates\/full-width.php","meta":[],"_links":{"self":[{"href":"https:\/\/www.maisondelestuaire.fr\/index.php?rest_route=\/wp\/v2\/pages\/16"}],"collection":[{"href":"https:\/\/www.maisondelestuaire.fr\/index.php?rest_route=\/wp\/v2\/pages"}],"about":[{"href":"https:\/\/www.maisondelestuaire.fr\/index.php?rest_route=\/wp\/v2\/types\/page"}],"author":[{"embeddable":true,"href":"https:\/\/www.maisondelestuaire.fr\/index.php?rest_route=\/wp\/v2\/users\/1"}],"replies":[{"embeddable":true,"href":"https:\/\/www.maisondelestuaire.fr\/index.php?rest_route=%2Fwp%2Fv2%2Fcomments&post=16"}],"version-history":[{"count":11,"href":"https:\/\/www.maisondelestuaire.fr\/index.php?rest_route=\/wp\/v2\/pages\/16\/revisions"}],"predecessor-version":[{"id":133,"href":"https:\/\/www.maisondelestuaire.fr\/index.php?rest_route=\/wp\/v2\/pages\/16\/revisions\/133"}],"wp:attachment":[{"href":"https:\/\/www.maisondelestuaire.fr\/index.php?rest_route=%2Fwp%2Fv2%2Fmedia&parent=16"}],"curies":[{"name":"wp","href":"https:\/\/api.w.org\/{rel}","templated":true}]}}