{"id":183,"date":"2016-02-17T17:14:23","date_gmt":"2016-02-17T16:14:23","guid":{"rendered":"http:\/\/www.maisondelestuaire.fr\/?page_id=183"},"modified":"2016-02-17T17:16:28","modified_gmt":"2016-02-17T16:16:28","slug":"la-pointe-du-payre","status":"publish","type":"page","link":"https:\/\/www.maisondelestuaire.fr\/?page_id=183","title":{"rendered":"La Pointe du Payr\u00e9"},"content":{"rendered":"<p>Nous vous proposons un circuit de d\u00e9couverte de la nature, en traversant un site exceptionnel, du point de vue du milieu, des paysages, de la g\u00e9ologie. Vous y d\u00e9couvrirez des plantes caract\u00e9ristiques de la for\u00eat de ch\u00eanes verts m\u00e9diterran\u00e9enne, des traces d\u2019animaux et des traces d\u2019activit\u00e9s humaines.<br \/>\n<strong>AVERTISSEMENT<\/strong> : le site exceptionnel de la Pointe du Payr\u00e9 est un milieu fragile dont la for\u00eat littorale est propri\u00e9t\u00e9 du \u201cConservatoire du littoral\u201d. La partie centrale de cette zone (Maroc, Saint Nicolas) est une propri\u00e9t\u00e9 priv\u00e9e dans laquelle il est interdit de p\u00e9n\u00e9trer.<\/p>\n<ul>\n<li>dur\u00e9e : 2 \u00e0 4 heures selon circuit<\/li>\n<li>d\u00e9part :\u00a0parking de La Mine (acc\u00e8s par Jard-sur-Mer)<\/li>\n<\/ul>\n<p>1. d\u00e9part :\u00a0<strong>parking de La Mine<br \/>\n<\/strong>Dirigez vous vers la mer. En suivant le chemin qui se dirige vers la plage de La Mine au milieu des dunes recouvertes d\u2019une for\u00eat de pins maritimes, plant\u00e9e il y a 90 ans. On reconna\u00eet le pin maritime \u00e0 ses longues aiguilles rigides et piquantes regroup\u00e9es par 2 et ses grosses \u00a0\u00bb pommes de pin \u00ab\u00a0.<\/p>\n<p>2. Rejoignez le sentier des douaniers, qui domine une falaise, au-del\u00e0 de la plage de La Mine, \u00e0 l\u2019emplacement d\u2019une ancienne mine encore exploit\u00e9e il y a un si\u00e8cle.\u00a0Suivez-le en vous dirigeant vers l\u2019ouest.<\/p>\n<p><a href=\"http:\/\/cluster006.ovh.net\/~estuaire\/wp-content\/uploads\/2011\/04\/chenemer.jpg\"><img decoding=\"async\" loading=\"lazy\" class=\"size-full wp-image-276 alignleft\" title=\"chenemer\" src=\"http:\/\/cluster006.ovh.net\/~estuaire\/wp-content\/uploads\/2011\/04\/chenemer.jpg\" alt=\"\" width=\"200\" height=\"150\" \/><\/a>3. Vous traversez un milieu tr\u00e8s fragile. Ne sortez pas du sentier.\u00a0En effet, l\u2019\u00e9rosion due au passage des promeneurs , amplifi\u00e9e par les vents et les embruns, forme des br\u00e8ches dans les fourr\u00e9s de ch\u00eanes verts de l\u2019\u00e9troite bande de for\u00eat qui longe la c\u00f4te. Certaines sont si larges, que les embruns menacent les parcelles agricoles, qui ne sont plus prot\u00e9g\u00e9es par la for\u00eat.<\/p>\n<p>4. En regardant vers le large,\u00a0vous pourrez sans doute d\u00e9couvrir le nord de l\u2019Ile de R\u00e9 termin\u00e9 par son phare des Baleines.<\/p>\n<p>5. Continuez sur le sentier au bord de la falaise.Vous traversez une zone d\u2019\u00e9rosion importante.<br \/>\nLes eaux de pluies ravinent le sol tr\u00e8s meuble formant un r\u00e9seau torrentiel tr\u00e8s profond qui facilite la descente de la falaise vers la mer<\/p>\n<p><a href=\"http:\/\/cluster006.ovh.net\/~estuaire\/wp-content\/uploads\/2011\/04\/erosion2.jpg\"><img decoding=\"async\" loading=\"lazy\" class=\"alignleft\" title=\"erosion\" src=\"http:\/\/cluster006.ovh.net\/~estuaire\/wp-content\/uploads\/2011\/04\/erosion2.jpg\" alt=\"\" width=\"200\" height=\"182\" \/><\/a><\/p>\n<p>6. Un peu plus loin, dans une \u00e9chancrure de la falaise,\u00a0\u00e0 c\u00f4t\u00e9 d\u2019un promontoire rocheux qui s\u2019avance dans la mer,\u00a0vous pourrez d\u00e9couvrir une petite fontaine\u00a0o\u00f9 les anciens gardaient leur litre de vin pour le retrouver frais\u00a0lorsqu\u2019ils revenaient de la p\u00eache dans les rochers \u00e0 mar\u00e9e b<a href=\"http:\/\/cluster006.ovh.net\/~estuaire\/wp-content\/uploads\/2011\/04\/fontaine.jpg\"><img decoding=\"async\" loading=\"lazy\" class=\"alignright\" title=\"fontaine\" src=\"http:\/\/cluster006.ovh.net\/~estuaire\/wp-content\/uploads\/2011\/04\/fontaine.jpg\" alt=\"\" width=\"200\" height=\"219\" \/><\/a>asse!<\/p>\n<p>&nbsp;<\/p>\n<p><a href=\"http:\/\/cluster006.ovh.net\/~estuaire\/wp-content\/uploads\/2011\/04\/erosion2.jpg\"><br \/>\n<\/a>7. La falaise est perc\u00e9e d\u2019un profond canyon.\u00a0Dans quelques ann\u00e9es, l\u2019\u00e9rosion isolera ce bout de falaise dans la mer.\u00a0<a href=\"http:\/\/cluster006.ovh.net\/~estuaire\/wp-content\/uploads\/2011\/04\/erosion2.jpg\"><br \/>\n<\/a><\/p>\n<p>8. Depuis le promontoire,<\/p>\n<p><a href=\"http:\/\/cluster006.ovh.net\/~estuaire\/wp-content\/uploads\/2011\/04\/discordance.jpg\"><img decoding=\"async\" loading=\"lazy\" class=\"alignright\" title=\"discordance\" src=\"http:\/\/cluster006.ovh.net\/~estuaire\/wp-content\/uploads\/2011\/04\/discordance.jpg\" alt=\"\" width=\"300\" height=\"187\" \/><\/a>observer dans l\u2019\u00e9paisseur de la falaise\u00a0la discordance entre les couches de roches m\u00e9tamorphis\u00e9es et pliss\u00e9es lors du soul\u00e8vement du Massif Armoricain \u00e0 l&rsquo;\u00e8re Primaire et les couches s\u00e9dimentaires horizontales plus r\u00e9centes qui les recouvrent (depuis le Lias : \u00e9poque des dinosaures).<\/p>\n<p><a href=\"http:\/\/cluster006.ovh.net\/~estuaire\/wp-content\/uploads\/2011\/04\/sentiererode.jpg\"><img decoding=\"async\" loading=\"lazy\" class=\"alignleft size-full wp-image-284\" title=\"sentiererode\" src=\"http:\/\/cluster006.ovh.net\/~estuaire\/wp-content\/uploads\/2011\/04\/sentiererode.jpg\" alt=\"\" width=\"200\" height=\"182\" \/><\/a><\/p>\n<p>9. Le sentier s\u2019enfonce dans le sable suite au pi\u00e9tinement des promeneurs.\u00a0Ce creusement est amplifi\u00e9 par les vents du nord-ouest qui dominent dans la r\u00e9gion<\/p>\n<p>10. En arrivant \u00e0 la Pointe du Payr\u00e9, dirigez vous vers le blockhaus, reste du \u00a0\u00bb mur de l\u2019Atlantique \u00a0\u00bb de la derni\u00e8re guerre.<\/p>\n<p><a href=\"http:\/\/cluster006.ovh.net\/~estuaire\/wp-content\/uploads\/2011\/04\/pointpayre.jpg\"><img decoding=\"async\" loading=\"lazy\" class=\"alignright\" title=\"pointpayre\" src=\"http:\/\/cluster006.ovh.net\/~estuaire\/wp-content\/uploads\/2011\/04\/pointpayre.jpg\" alt=\"\" width=\"200\" height=\"181\" \/><\/a><\/p>\n<p>Du belv\u00e9d\u00e8re qui soutenait \u00e0 l\u2019\u00e9poque une mitrailleuse, vous pouvez admirer le magnifique paysage de la mer la vue s\u2019\u00e9tend jusqu\u2019aux \u00a0\u00bb Sables d\u2019Olonne \u00ab\u00a0. A vos pieds vous pouvez observer \u00e0 mar\u00e9e base une ancienne \u00e9cluse qui servait encore de p\u00eacherie il y a 50 ans.<\/p>\n<p>11. Apr\u00e8s la Pointe du Payr\u00e9, descendez par le sentier vers la plage au bord du chenal.<\/p>\n<p><strong>Si vous \u00eates fatigu\u00e9, <\/strong>remontez sur la c\u00f4te avant d\u2019atteindre la falaise rocheuse. Reprenez le circuit en\u00a0<strong>22<\/strong><\/p>\n<p><a href=\"http:\/\/cluster006.ovh.net\/~estuaire\/wp-content\/uploads\/2011\/04\/grottes.jpg\"><img decoding=\"async\" loading=\"lazy\" class=\"alignleft size-full wp-image-280\" title=\"grottes\" src=\"http:\/\/cluster006.ovh.net\/~estuaire\/wp-content\/uploads\/2011\/04\/grottes.jpg\" alt=\"\" width=\"200\" height=\"183\" \/><\/a>12. Sinon\u00a0suivez cette plage de sable vers le nord.<br \/>\nD\u00e9couvrez les grottes creus\u00e9es dans la falaise calcaire. Les pierres qui en \u00e9taient autrefois extraites, \u00e9taient utilis\u00e9es pour construire des claires pour les hu\u00eetres.<\/p>\n<p>13. Un peu plus loin vous d\u00e9couvrez des petites zones de sable noir riche en grenats et en pyrox\u00e8nes<\/p>\n<p><a href=\"http:\/\/cluster006.ovh.net\/~estuaire\/wp-content\/uploads\/2011\/04\/digue.jpg\"><img decoding=\"async\" loading=\"lazy\" class=\"size-full wp-image-278 alignright\" title=\"digue\" src=\"http:\/\/cluster006.ovh.net\/~estuaire\/wp-content\/uploads\/2011\/04\/digue.jpg\" alt=\"\" width=\"200\" height=\"183\" \/><\/a><\/p>\n<p>14. En approchant de la plage de la Guitti\u00e8re,\u00a0la c\u00f4te est prot\u00e9g\u00e9e de l\u2019\u00e9rosion par des poteaux de bois et des murs de pierres venant des grottes.Remontez sur la falaise et revenez dans la for\u00eat en suivant le chemin.<\/p>\n<p>Au premier croisement prenez \u00e0 gauche<\/p>\n<p><a href=\"http:\/\/cluster006.ovh.net\/~estuaire\/wp-content\/uploads\/2011\/04\/lavandeguittiere.jpg\"><img decoding=\"async\" loading=\"lazy\" class=\"alignleft\" title=\"lavandeguittiere\" src=\"http:\/\/cluster006.ovh.net\/~estuaire\/wp-content\/uploads\/2011\/04\/lavandeguittiere.jpg\" alt=\"\" width=\"200\" height=\"174\" \/><\/a>15. En arrivant en face du port de la Guitti\u00e8re,\u00a0admirez cette prairie de \u201clavande de mer\u201d, plantes aux magnifiques fleurs bleues,\u00a0r\u00e9sistantes \u00e0 l\u2019eau de mer sal\u00e9e qui les recouvre lors des grandes mar\u00e9es.<\/p>\n<p>16. Au niveau de la croix des scouts, reprendre le chemin par lequel vous \u00eates arriv\u00e9.\u00a0Les arbres morts sont des robinier faux-acacias (dits \u00e0 tort \u00ab\u00a0acacias\u00a0\u00bb)\u00a0qui n\u2019ont pas r\u00e9sist\u00e9 aux mont\u00e9es des eaux lors de tr\u00e8s grandes mar\u00e9es<\/p>\n<p><a href=\"http:\/\/cluster006.ovh.net\/~estuaire\/wp-content\/uploads\/2011\/04\/chene.jpg\"><img decoding=\"async\" loading=\"lazy\" class=\"size-full wp-image-286 alignright\" title=\"chene\" src=\"http:\/\/cluster006.ovh.net\/~estuaire\/wp-content\/uploads\/2011\/04\/chene.jpg\" alt=\"\" width=\"280\" height=\"177\" \/><\/a>17. Continuez le chemin de gauche pour p\u00e9n\u00e9trer dans la for\u00eat de ch\u00eanes verts.<br \/>\nLes ch\u00eanes verts sont des arbres m\u00e9diterran\u00e9ens qui gardent leurs feuilles l\u2019hiver et sont donc toujours verts ; on ne les retrouve que dans notre r\u00e9gion sur le littoral atlantique ; ils y sont pr\u00e9serv\u00e9s par la douceur du climat et la dur\u00e9e de l\u2019ensoleillement ; ils sont bien adapt\u00e9s aux temp\u00eates, \u00e0 la s\u00e9cheresse de l\u2019air sal\u00e9 et du sol sableux.\u00a0Sur votre droite, vous pouvez observer un ancien bras du chenal o\u00f9 les sangliers aiment venir se rouler.<\/p>\n<p>18. Lorsque vous apercevez une clairi\u00e8re derri\u00e8re les arbres sur votre gauche, faites un petit crochet jusqu\u2019\u00e0 sa lisi\u00e8re afin d\u2019admirer une ancienne dune, baptis\u00e9e \u201cle Maroc\u201d,\u00a0aujourd\u2019hui compl\u00e8tement recouverte de minuscules rosiers nains (rosiers pimprenelle).\u00a0En \u00e9t\u00e9, faites silence pour \u00e9couter le chant de milliers de sauterelles.<\/p>\n<p>19. Retournez sur le chemin et continuez jusqu\u2019\u00e0 la clairi\u00e8re o\u00f9 la v\u00e9g\u00e9tation commence \u00e0 repousser.<\/p>\n<p><a href=\"http:\/\/cluster006.ovh.net\/~estuaire\/wp-content\/uploads\/2011\/04\/daphne.jpg\"><img decoding=\"async\" loading=\"lazy\" class=\"alignleft size-full wp-image-277\" title=\"daphne\" src=\"http:\/\/cluster006.ovh.net\/~estuaire\/wp-content\/uploads\/2011\/04\/daphne.jpg\" alt=\"\" width=\"200\" height=\"173\" \/><\/a>20. Continuez le chemin qui monte lentement au milieu des pins et des bosquets de ch\u00eanes verts. De nombreuses touffes d\u2019une plante aux petites fleurs blanches et aux petits fruits orange,<br \/>\nle Daphn\u00e9, caract\u00e9ristique des for\u00eats de ch\u00eanes verts m\u00e9diterran\u00e9ennes<\/p>\n<p><a href=\"http:\/\/cluster006.ovh.net\/~estuaire\/wp-content\/uploads\/2011\/04\/pointepayre2.jpg\"><img decoding=\"async\" loading=\"lazy\" class=\"alignright\" title=\"pointepayre2\" src=\"http:\/\/cluster006.ovh.net\/~estuaire\/wp-content\/uploads\/2011\/04\/pointepayre2.jpg\" alt=\"\" width=\"200\" height=\"183\" \/><\/a>21. Le chemin arrive en bordure de la c\u00f4te.\u00a0La rejoindre par le petit sentier.<\/p>\n<p>Vous avez une vue magnifique sur tout l\u2019estuaire et la plage du Veillon.\u00a0Avant de descendre sur la plage observez la forme curieuse des ch\u00eanes verts\u00a0qui poussent avec leur tronc compl\u00e8tement couch\u00e9 sur le sol\u00a0ce qui leur permet de r\u00e9sister aux violentes temp\u00eates sal\u00e9es venant de l\u2019ouest.<\/p>\n<p><strong><a href=\"http:\/\/cluster006.ovh.net\/~estuaire\/wp-content\/uploads\/2011\/04\/immortelle.jpg\"><img decoding=\"async\" loading=\"lazy\" class=\"alignleft size-medium wp-image-287\" title=\"immortelle\" src=\"http:\/\/cluster006.ovh.net\/~estuaire\/wp-content\/uploads\/2011\/04\/immortelle-300x129.jpg\" alt=\"\" width=\"300\" height=\"129\" \/><\/a>22<\/strong>. Descendez vers la petite plage.<br \/>\nA vos pieds sentez l\u2019odeur de safran des immortelles aux petites fleurs jaunes en \u00e9t\u00e9.<\/p>\n<p>23. Longez la plage sur votre gauche en regardant la mer.<\/p>\n<p>A l\u2019extr\u00e9mit\u00e9 grimpez par le petit sentier qui s\u2019enfonce au milieu d\u2019un taillis de ch\u00eanes vert si dense qu\u2019aucune plante ne peut pousser dessous.<\/p>\n<p>24. Dans la petite clairi\u00e8re respirez l\u2019odeur parfum\u00e9e des cistes \u00e0 feuilles de sauge,\u00a0ces plantes aux fleurs blanches, elles aussi caract\u00e9ristiques de la flore m\u00e9diterran\u00e9enne25. Quelques pas plus loin quelle surprise de d\u00e9couvrir des petits p\u00eachers au milieu de la v\u00e9g\u00e9tation sauvage. Vous \u00eates dans \u00a0\u00bb le jardin \u00a0\u00bb des douaniers qui habitaient autrefois la pointe du Payr\u00e9.<\/p>\n<p><a href=\"http:\/\/cluster006.ovh.net\/~estuaire\/wp-content\/uploads\/2011\/04\/chemin.jpg\"><img decoding=\"async\" loading=\"lazy\" class=\"size-full wp-image-275 alignright\" title=\"chemin\" src=\"http:\/\/cluster006.ovh.net\/~estuaire\/wp-content\/uploads\/2011\/04\/chemin.jpg\" alt=\"\" width=\"200\" height=\"200\" \/><\/a>26. Continuez sur le chemin qui s\u2019enfonce sur la for\u00eat vers l\u2019est, pour rejoindre le parking de \u00ab\u00a0La Mine\u00a0\u00bb.<\/p>\n<p>27. Le long du chemin de la for\u00eat, vous pourrez d\u00e9couvrir des grandes foug\u00e8res aigles et de la bruy\u00e8re \u00e0 balais. Dans les parties les plus denses, les troncs sont recouverts de lichens argent\u00e9s,\u00a0<em>Cladonia<\/em>, signe d\u2019absence de pollution de ce milieu.<\/p>\n<p>28. Vous pourrez peut-\u00eatre d\u00e9couvrir des pins gemm\u00e9s. Leurs troncs sont reconnaissables aux longues cicatrices verticales qui entaillent leur \u00e9corce. Elles \u00e9taient faites pour recueillir leur r\u00e9sine, qui \u00e9tait une mati\u00e8re plastique fort pr\u00e9cieuse au si\u00e8cle dernier.<\/p>\n<p>29. Vous revoici au parking. Nous esp\u00e9rons que vous avez appr\u00e9ci\u00e9 cette promenade dans ce site exceptionnel, mais fragile.<\/p>\n<p><em>Ce parcours vous est propos\u00e9 par\u00a0ESTUAIRE\u00a0port de La Guitti\u00e8re 85440 Talmont-St-Hilaire, n&rsquo;h\u00e9sitez pas \u00e0 venir nous y renconter.<\/em><\/p>\n<div>\n<p style=\"text-align: right;\">imprimez ce document et partez \u00e0 la d\u00e9couverte<\/p>\n<div><span style=\"font-size: xx-small;\">\u00a0<\/span><\/div>\n<\/div>\n","protected":false},"excerpt":{"rendered":"<p>Nous vous proposons un circuit de d\u00e9couverte de la nature, en traversant un site exceptionnel, du point de vue du milieu, des paysages, de la g\u00e9ologie. Vous y d\u00e9couvrirez des plantes caract\u00e9ristiques de la for\u00eat de ch\u00eanes verts m\u00e9diterran\u00e9enne, des traces d\u2019animaux et des traces d\u2019activit\u00e9s humaines. AVERTISSEMENT : le site exceptionnel de la Pointe &hellip; <a href=\"https:\/\/www.maisondelestuaire.fr\/?page_id=183\" class=\"more-link\">Continuer la lecture de <span class=\"screen-reader-text\">La Pointe du Payr\u00e9<\/span> <span class=\"meta-nav\">&rarr;<\/span><\/a><\/p>\n","protected":false},"author":1,"featured_media":0,"parent":98,"menu_order":6,"comment_status":"closed","ping_status":"closed","template":"","meta":[],"_links":{"self":[{"href":"https:\/\/www.maisondelestuaire.fr\/index.php?rest_route=\/wp\/v2\/pages\/183"}],"collection":[{"href":"https:\/\/www.maisondelestuaire.fr\/index.php?rest_route=\/wp\/v2\/pages"}],"about":[{"href":"https:\/\/www.maisondelestuaire.fr\/index.php?rest_route=\/wp\/v2\/types\/page"}],"author":[{"embeddable":true,"href":"https:\/\/www.maisondelestuaire.fr\/index.php?rest_route=\/wp\/v2\/users\/1"}],"replies":[{"embeddable":true,"href":"https:\/\/www.maisondelestuaire.fr\/index.php?rest_route=%2Fwp%2Fv2%2Fcomments&post=183"}],"version-history":[{"count":3,"href":"https:\/\/www.maisondelestuaire.fr\/index.php?rest_route=\/wp\/v2\/pages\/183\/revisions"}],"predecessor-version":[{"id":186,"href":"https:\/\/www.maisondelestuaire.fr\/index.php?rest_route=\/wp\/v2\/pages\/183\/revisions\/186"}],"up":[{"embeddable":true,"href":"https:\/\/www.maisondelestuaire.fr\/index.php?rest_route=\/wp\/v2\/pages\/98"}],"wp:attachment":[{"href":"https:\/\/www.maisondelestuaire.fr\/index.php?rest_route=%2Fwp%2Fv2%2Fmedia&parent=183"}],"curies":[{"name":"wp","href":"https:\/\/api.w.org\/{rel}","templated":true}]}}