{"id":34,"date":"2014-05-03T08:45:33","date_gmt":"2014-05-03T07:45:33","guid":{"rendered":"http:\/\/www.maisondelestuaire.fr\/?page_id=34"},"modified":"2020-02-25T14:47:12","modified_gmt":"2020-02-25T13:47:12","slug":"sentinelle-de-lestuaire","status":"publish","type":"page","link":"https:\/\/www.maisondelestuaire.fr\/?page_id=34","title":{"rendered":"sentinelle de l&rsquo;estuaire"},"content":{"rendered":"<p>Combien d\u2019entres-nous ont un jour remarqu\u00e9 un oiseau bless\u00e9 sur le bord de mer, des d\u00e9chets qui souillent le littoral \u00a0ou ill\u00e9galement rejet\u00e9s dans la nature, des plates invasives, des animaux que vous n&rsquo;avez encore jamais vu dans la r\u00e9gion&#8230;<br \/>\nVous vous demandez est-ce normal\u00a0? Mais que faire\u00a0? Qui alerter\u00a0?<\/p>\n<p>Demain le bon r\u00e9flexe\u00a0: alerter \u00ab\u00a0<a title=\"sentinelle\" href=\"http:\/\/sentinelledelestuaire.fr\">sentinelle de l\u2019estuaire\u00a0<\/a>\u00bb\u00a0pour agir et \u00eatre inform\u00e9\u2026<\/p>\n<p>Mais aussi agir avec les sentinelles pour inventorier ou r\u00e9parer\u2026<\/p>\n<p>Le groupe\u00a0 \u00ab\u00a0<a title=\"sentinelle\" href=\"http:\/\/sentinelledelestuaire.fr\">sentinelle de l\u2019estuaire\u00a0<\/a>\u00bb est mis en place dans le cadre\u00a0du GAE (estuaire) autour de l\u2019estuaire, avec 2 volets\u00a0: le premier maritime, avec tout le littoral des communes concern\u00e9es, le second s\u2019\u00e9tendant \u00e0 tout le bassin versant,\u00a0sur les communes de Talmont-Saint-Hilaire, St Vincent et Jard-sur-mer.<\/p>\n<p>Pour en savoir plus ou participer, allez sur le site\u00a0\u00a0\u00ab\u00a0<a title=\"sentinelle\" href=\"http:\/\/sentinelledelestuaire.fr\">sentinelles de l\u2019estuaire\u00a0<\/a>\u00bb ou faites un mail \u00e0 \u00a0: sentinelle<a href=\"mailto:estuaire@mac.com\">@e<\/a>stuaire.net) ou flasher le QRcode<\/p>\n<p><a href=\"http:\/\/www.maisondelestuaire.fr\/wp-content\/uploads\/2014\/05\/QRcodesentinelle.jpg\"><img decoding=\"async\" loading=\"lazy\" class=\"alignnone wp-image-94\" src=\"http:\/\/www.maisondelestuaire.fr\/wp-content\/uploads\/2014\/05\/QRcodesentinelle.jpg\" alt=\"QRcodesentinelle\" width=\"147\" height=\"147\" srcset=\"https:\/\/www.maisondelestuaire.fr\/wp-content\/uploads\/2014\/05\/QRcodesentinelle.jpg 300w, https:\/\/www.maisondelestuaire.fr\/wp-content\/uploads\/2014\/05\/QRcodesentinelle-150x150.jpg 150w\" sizes=\"(max-width: 147px) 100vw, 147px\" \/><\/a><\/p>\n","protected":false},"excerpt":{"rendered":"<p>Combien d\u2019entres-nous ont un jour remarqu\u00e9 un oiseau bless\u00e9 sur le bord de mer, des d\u00e9chets qui souillent le littoral \u00a0ou ill\u00e9galement rejet\u00e9s dans la nature, des plates invasives, des animaux que vous n&rsquo;avez encore jamais vu dans la r\u00e9gion&#8230; Vous vous demandez est-ce normal\u00a0? Mais que faire\u00a0? Qui alerter\u00a0? Demain le bon r\u00e9flexe\u00a0: alerter &hellip; <a href=\"https:\/\/www.maisondelestuaire.fr\/?page_id=34\" class=\"more-link\">Continuer la lecture de <span class=\"screen-reader-text\">sentinelle de l&rsquo;estuaire<\/span> <span class=\"meta-nav\">&rarr;<\/span><\/a><\/p>\n","protected":false},"author":1,"featured_media":0,"parent":0,"menu_order":4,"comment_status":"closed","ping_status":"open","template":"page-templates\/full-width.php","meta":[],"_links":{"self":[{"href":"https:\/\/www.maisondelestuaire.fr\/index.php?rest_route=\/wp\/v2\/pages\/34"}],"collection":[{"href":"https:\/\/www.maisondelestuaire.fr\/index.php?rest_route=\/wp\/v2\/pages"}],"about":[{"href":"https:\/\/www.maisondelestuaire.fr\/index.php?rest_route=\/wp\/v2\/types\/page"}],"author":[{"embeddable":true,"href":"https:\/\/www.maisondelestuaire.fr\/index.php?rest_route=\/wp\/v2\/users\/1"}],"replies":[{"embeddable":true,"href":"https:\/\/www.maisondelestuaire.fr\/index.php?rest_route=%2Fwp%2Fv2%2Fcomments&post=34"}],"version-history":[{"count":7,"href":"https:\/\/www.maisondelestuaire.fr\/index.php?rest_route=\/wp\/v2\/pages\/34\/revisions"}],"predecessor-version":[{"id":193,"href":"https:\/\/www.maisondelestuaire.fr\/index.php?rest_route=\/wp\/v2\/pages\/34\/revisions\/193"}],"wp:attachment":[{"href":"https:\/\/www.maisondelestuaire.fr\/index.php?rest_route=%2Fwp%2Fv2%2Fmedia&parent=34"}],"curies":[{"name":"wp","href":"https:\/\/api.w.org\/{rel}","templated":true}]}}