{"id":51,"date":"2014-05-03T09:12:18","date_gmt":"2014-05-03T08:12:18","guid":{"rendered":"http:\/\/www.maisondelestuaire.fr\/?page_id=51"},"modified":"2014-05-03T10:09:16","modified_gmt":"2014-05-03T09:09:16","slug":"visites-decouverte","status":"publish","type":"page","link":"https:\/\/www.maisondelestuaire.fr\/?page_id=51","title":{"rendered":"Visites d\u00e9couverte"},"content":{"rendered":"<p style=\"color: #4d4d4f;\">Une\u00a0rando v\u00e9lo de 2 \u00e0 3 heures autour de l\u2019estuaire du Payr\u00e9 organis\u00e9e chaque mois cet \u00e9t\u00e9 : d\u00e9couverte du patrimoine naturel et historique de l\u2019estuaire et de son \u00e9volution depuis le Moyen-\u00e2ge\u2026<\/p>\n<p style=\"color: #4d4d4f;\"><a style=\"color: #0e73b8;\" href=\"http:\/\/estuaire.net\/wp-content\/uploads\/2011\/07\/IMG_3208.jpg\"><img decoding=\"async\" loading=\"lazy\" class=\"alignnone size-full wp-image-2489\" title=\"IMG_3208\" src=\"http:\/\/estuaire.net\/wp-content\/uploads\/2011\/07\/IMG_3208.jpg\" alt=\"\" width=\"2894\" height=\"739\" \/><\/a><\/p>\n<p>Le samedi 15 mars, cette\u00a0\u00ab\u00a0rando v\u00e9lo autour de l\u2019estuaire\u00a0\u00bb a \u00e9t\u00e9 propos\u00e9e par l\u2019association \u00e0 ces adh\u00e9rents et \u00e0 des acteurs du tourisme local. Elle sera de nouveau propos\u00e9e en juillet et en aout cet \u00e9t\u00e9, ou sur rendez-vous pour des groupes.<\/p>\n<p>Elle propose une\u00a0d\u00e9couverte du patrimoine historique et naturel de l\u2019estuaire en empruntant en particulier la nouvelle piste cyclable entre le Veillon et la Guitti\u00e8re. Profitez du\u00a0plaisir de la d\u00e9couverte de lieux dont bien des d\u00e9tails historiques sont\u00a0inconnus de beaucoup. Vous pourrez d\u00e9couvrir certains aspects de la vie des hommes qui ont depuis la fin du Moyen-Age model\u00e9 les paysages de l\u2019Estuaire\u00a0: le tr\u00e9sor du Veillon datant de la p\u00e9riode romaine, le r\u00f4le du ch\u00e2teau de l\u2019Evaillon comme avant-poste sur l\u2019estuaire, le s\u00e9choir \u00e0 tabac, le pigeonnier, l\u2019\u00e9volution du cordon dunaire, les essailles et les bossis\u2026<\/p>\n<p>Cette nouvelle initiative prend place dans toute la s\u00e9rie d\u2019action pour\u00a0faire mieux comprendre aux jeunes et aux moins jeunes la richesse de notre environnement et les enjeux de sa protection.<\/p>\n<p>Ainsi cette rando v\u00e9lo est programm\u00e9e dans notre programme d\u2019animation en juillet et aout l\u2019\u00e9t\u00e9 prochain.<\/p>\n<p style=\"color: #4d4d4f;\"><a href=\"http:\/\/www.maisondelestuaire.fr\/wp-content\/uploads\/2014\/05\/20140315_155447.jpeg\"><img decoding=\"async\" loading=\"lazy\" class=\"alignnone wp-image-86 size-large\" src=\"http:\/\/www.maisondelestuaire.fr\/wp-content\/uploads\/2014\/05\/20140315_155447-1024x577.jpeg\" alt=\"20140315_155447\" width=\"474\" height=\"267\" srcset=\"https:\/\/www.maisondelestuaire.fr\/wp-content\/uploads\/2014\/05\/20140315_155447-1024x577.jpeg 1024w, https:\/\/www.maisondelestuaire.fr\/wp-content\/uploads\/2014\/05\/20140315_155447-300x169.jpeg 300w, https:\/\/www.maisondelestuaire.fr\/wp-content\/uploads\/2014\/05\/20140315_155447.jpeg 1280w\" sizes=\"(max-width: 474px) 100vw, 474px\" \/><\/a> <a href=\"http:\/\/www.maisondelestuaire.fr\/wp-content\/uploads\/2014\/05\/20140315_155729.jpeg\"><img decoding=\"async\" loading=\"lazy\" class=\"alignnone wp-image-85 size-large\" src=\"http:\/\/www.maisondelestuaire.fr\/wp-content\/uploads\/2014\/05\/20140315_155729-1024x576.jpeg\" alt=\"20140315_155729\" width=\"474\" height=\"266\" srcset=\"https:\/\/www.maisondelestuaire.fr\/wp-content\/uploads\/2014\/05\/20140315_155729-1024x576.jpeg 1024w, https:\/\/www.maisondelestuaire.fr\/wp-content\/uploads\/2014\/05\/20140315_155729-300x168.jpeg 300w, https:\/\/www.maisondelestuaire.fr\/wp-content\/uploads\/2014\/05\/20140315_155729.jpeg 1280w\" sizes=\"(max-width: 474px) 100vw, 474px\" \/><\/a><\/p>\n<p style=\"color: #4d4d4f;\">\n","protected":false},"excerpt":{"rendered":"<p>Une\u00a0rando v\u00e9lo de 2 \u00e0 3 heures autour de l\u2019estuaire du Payr\u00e9 organis\u00e9e chaque mois cet \u00e9t\u00e9 : d\u00e9couverte du patrimoine naturel et historique de l\u2019estuaire et de son \u00e9volution depuis le Moyen-\u00e2ge\u2026 Le samedi 15 mars, cette\u00a0\u00ab\u00a0rando v\u00e9lo autour de l\u2019estuaire\u00a0\u00bb a \u00e9t\u00e9 propos\u00e9e par l\u2019association \u00e0 ces adh\u00e9rents et \u00e0 des acteurs du &hellip; <a href=\"https:\/\/www.maisondelestuaire.fr\/?page_id=51\" class=\"more-link\">Continuer la lecture de <span class=\"screen-reader-text\">Visites d\u00e9couverte<\/span> <span class=\"meta-nav\">&rarr;<\/span><\/a><\/p>\n","protected":false},"author":1,"featured_media":0,"parent":2,"menu_order":0,"comment_status":"closed","ping_status":"open","template":"page-templates\/full-width.php","meta":[],"_links":{"self":[{"href":"https:\/\/www.maisondelestuaire.fr\/index.php?rest_route=\/wp\/v2\/pages\/51"}],"collection":[{"href":"https:\/\/www.maisondelestuaire.fr\/index.php?rest_route=\/wp\/v2\/pages"}],"about":[{"href":"https:\/\/www.maisondelestuaire.fr\/index.php?rest_route=\/wp\/v2\/types\/page"}],"author":[{"embeddable":true,"href":"https:\/\/www.maisondelestuaire.fr\/index.php?rest_route=\/wp\/v2\/users\/1"}],"replies":[{"embeddable":true,"href":"https:\/\/www.maisondelestuaire.fr\/index.php?rest_route=%2Fwp%2Fv2%2Fcomments&post=51"}],"version-history":[{"count":3,"href":"https:\/\/www.maisondelestuaire.fr\/index.php?rest_route=\/wp\/v2\/pages\/51\/revisions"}],"predecessor-version":[{"id":89,"href":"https:\/\/www.maisondelestuaire.fr\/index.php?rest_route=\/wp\/v2\/pages\/51\/revisions\/89"}],"up":[{"embeddable":true,"href":"https:\/\/www.maisondelestuaire.fr\/index.php?rest_route=\/wp\/v2\/pages\/2"}],"wp:attachment":[{"href":"https:\/\/www.maisondelestuaire.fr\/index.php?rest_route=%2Fwp%2Fv2%2Fmedia&parent=51"}],"curies":[{"name":"wp","href":"https:\/\/api.w.org\/{rel}","templated":true}]}}