{"id":59,"date":"2014-05-03T09:21:52","date_gmt":"2014-05-03T08:21:52","guid":{"rendered":"http:\/\/www.maisondelestuaire.fr\/?page_id=59"},"modified":"2014-05-14T19:01:09","modified_gmt":"2014-05-14T18:01:09","slug":"nettoyage-du-littoral","status":"publish","type":"page","link":"https:\/\/www.maisondelestuaire.fr\/?page_id=59","title":{"rendered":"Nettoyage du littoral"},"content":{"rendered":"<p><strong>10 mai 2014 : Grand Nettoyage ! Les sentinelles de l\u2019Estuaire au travail.<br \/>\n<\/strong>Grand \u00e9v\u00e8nement public organis\u00e9 par la Maison de l\u2019Estuaire. Les b\u00e9n\u00e9voles se sont mobilis\u00e9s nombreux \u00a0pour nettoyer l\u2019estuaire et ainsi le prot\u00e9ger des m\u00e9faits conjoints de la pollution et des temp\u00eates hivernales, le tout dans la bonne humeur, garantie par les adh\u00e9rents\u00a0!<br \/>\nNous avons \u00e9t\u00e9 heureux de voir la mobilisation des jeunes et des familles, les enfants ont re\u00e7u\u00a0un dipl\u00f4me de \u00ab\u00a0sentinelle de l\u2019Estuaire\u00bb.<\/p>\n<p><a href=\"http:\/\/www.maisondelestuaire.fr\/wp-content\/uploads\/2014\/05\/QyFYSXL5P5_fQl2OhM6h73UJqKRuEOOy5LxlIcwvXikCOZSh_rfYtDvkDj45yPfJ6_mxYsKvOicBGqu4dSMOAA.jpeg\"><img decoding=\"async\" loading=\"lazy\" class=\"alignnone wp-image-107 size-full\" src=\"http:\/\/www.maisondelestuaire.fr\/wp-content\/uploads\/2014\/05\/QyFYSXL5P5_fQl2OhM6h73UJqKRuEOOy5LxlIcwvXikCOZSh_rfYtDvkDj45yPfJ6_mxYsKvOicBGqu4dSMOAA.jpeg\" alt=\"QyFYSXL5P5_fQl2OhM6h73UJqKRuEOOy5LxlIcwvXik,COZSh_rfYtDvkDj45yPfJ6_mxYsKvOicBGqu4dSMOAA\" width=\"1024\" height=\"682\" srcset=\"https:\/\/www.maisondelestuaire.fr\/wp-content\/uploads\/2014\/05\/QyFYSXL5P5_fQl2OhM6h73UJqKRuEOOy5LxlIcwvXikCOZSh_rfYtDvkDj45yPfJ6_mxYsKvOicBGqu4dSMOAA.jpeg 1024w, https:\/\/www.maisondelestuaire.fr\/wp-content\/uploads\/2014\/05\/QyFYSXL5P5_fQl2OhM6h73UJqKRuEOOy5LxlIcwvXikCOZSh_rfYtDvkDj45yPfJ6_mxYsKvOicBGqu4dSMOAA-300x199.jpeg 300w, https:\/\/www.maisondelestuaire.fr\/wp-content\/uploads\/2014\/05\/QyFYSXL5P5_fQl2OhM6h73UJqKRuEOOy5LxlIcwvXikCOZSh_rfYtDvkDj45yPfJ6_mxYsKvOicBGqu4dSMOAA-900x599.jpeg 900w\" sizes=\"(max-width: 1024px) 100vw, 1024px\" \/><\/a>\u00a0<a href=\"http:\/\/www.maisondelestuaire.fr\/wp-content\/uploads\/2014\/05\/CF_NsCTmvtpHPno-B7cyVI1xIMINwbZ8JtjAMq6cz7YfVIRKiKZllDSbjTSgbsH1CCuN9DuOt-dxN6orY9Ejak.jpeg\"><img decoding=\"async\" loading=\"lazy\" class=\"alignnone wp-image-108 size-full\" src=\"http:\/\/www.maisondelestuaire.fr\/wp-content\/uploads\/2014\/05\/CF_NsCTmvtpHPno-B7cyVI1xIMINwbZ8JtjAMq6cz7YfVIRKiKZllDSbjTSgbsH1CCuN9DuOt-dxN6orY9Ejak.jpeg\" alt=\"CF_NsCTmvtpHPno-B7cyVI1xIMINwbZ8JtjAMq6cz7Y,fVIRKiKZllDSbjTSgbsH1CCuN9DuOt-dxN6orY9Ejak\" width=\"1024\" height=\"682\" srcset=\"https:\/\/www.maisondelestuaire.fr\/wp-content\/uploads\/2014\/05\/CF_NsCTmvtpHPno-B7cyVI1xIMINwbZ8JtjAMq6cz7YfVIRKiKZllDSbjTSgbsH1CCuN9DuOt-dxN6orY9Ejak.jpeg 1024w, https:\/\/www.maisondelestuaire.fr\/wp-content\/uploads\/2014\/05\/CF_NsCTmvtpHPno-B7cyVI1xIMINwbZ8JtjAMq6cz7YfVIRKiKZllDSbjTSgbsH1CCuN9DuOt-dxN6orY9Ejak-300x199.jpeg 300w, https:\/\/www.maisondelestuaire.fr\/wp-content\/uploads\/2014\/05\/CF_NsCTmvtpHPno-B7cyVI1xIMINwbZ8JtjAMq6cz7YfVIRKiKZllDSbjTSgbsH1CCuN9DuOt-dxN6orY9Ejak-900x599.jpeg 900w\" sizes=\"(max-width: 1024px) 100vw, 1024px\" \/><\/a> <a href=\"http:\/\/www.maisondelestuaire.fr\/wp-content\/uploads\/2014\/05\/xRY25WXkjjWBq3RUPQRwEqud2-sDOYHG0F0VJZgSqqsVOlEhdT5kgVGTKkjngMTUxWvRjc_3lcOOmvu0VV5k2M.jpeg\"><img decoding=\"async\" loading=\"lazy\" class=\"alignnone wp-image-109 size-full\" src=\"http:\/\/www.maisondelestuaire.fr\/wp-content\/uploads\/2014\/05\/xRY25WXkjjWBq3RUPQRwEqud2-sDOYHG0F0VJZgSqqsVOlEhdT5kgVGTKkjngMTUxWvRjc_3lcOOmvu0VV5k2M.jpeg\" alt=\"xRY25WXkjjWBq3RUPQRwEqud2-sDOYHG0F0VJZgSqqs,VOlEhdT5kgVGTKkjngMTUxWvRjc_3lcOOmvu0VV5k2M\" width=\"1024\" height=\"682\" srcset=\"https:\/\/www.maisondelestuaire.fr\/wp-content\/uploads\/2014\/05\/xRY25WXkjjWBq3RUPQRwEqud2-sDOYHG0F0VJZgSqqsVOlEhdT5kgVGTKkjngMTUxWvRjc_3lcOOmvu0VV5k2M.jpeg 1024w, https:\/\/www.maisondelestuaire.fr\/wp-content\/uploads\/2014\/05\/xRY25WXkjjWBq3RUPQRwEqud2-sDOYHG0F0VJZgSqqsVOlEhdT5kgVGTKkjngMTUxWvRjc_3lcOOmvu0VV5k2M-300x199.jpeg 300w, https:\/\/www.maisondelestuaire.fr\/wp-content\/uploads\/2014\/05\/xRY25WXkjjWBq3RUPQRwEqud2-sDOYHG0F0VJZgSqqsVOlEhdT5kgVGTKkjngMTUxWvRjc_3lcOOmvu0VV5k2M-900x599.jpeg 900w\" sizes=\"(max-width: 1024px) 100vw, 1024px\" \/><\/a><a href=\"http:\/\/www.maisondelestuaire.fr\/wp-content\/uploads\/2014\/05\/YKQC5_zxk-LDDqtdvExuHmdtoljLJAhJmvLTzMbkCPsBfZWXQCXlgMaT7KehibN_qLzJ81yNziP5b_TQ71tvcY.jpeg\"><img decoding=\"async\" loading=\"lazy\" class=\"alignnone wp-image-106 size-full\" src=\"http:\/\/www.maisondelestuaire.fr\/wp-content\/uploads\/2014\/05\/YKQC5_zxk-LDDqtdvExuHmdtoljLJAhJmvLTzMbkCPsBfZWXQCXlgMaT7KehibN_qLzJ81yNziP5b_TQ71tvcY.jpeg\" alt=\"YKQC5_zxk-LDDqtdvExuHmdtoljLJAhJmvLTzMbkCPs,BfZWXQCXlgMaT7KehibN_qLzJ81yNziP5b_TQ71tvcY\" width=\"1024\" height=\"682\" srcset=\"https:\/\/www.maisondelestuaire.fr\/wp-content\/uploads\/2014\/05\/YKQC5_zxk-LDDqtdvExuHmdtoljLJAhJmvLTzMbkCPsBfZWXQCXlgMaT7KehibN_qLzJ81yNziP5b_TQ71tvcY.jpeg 1024w, https:\/\/www.maisondelestuaire.fr\/wp-content\/uploads\/2014\/05\/YKQC5_zxk-LDDqtdvExuHmdtoljLJAhJmvLTzMbkCPsBfZWXQCXlgMaT7KehibN_qLzJ81yNziP5b_TQ71tvcY-300x199.jpeg 300w, https:\/\/www.maisondelestuaire.fr\/wp-content\/uploads\/2014\/05\/YKQC5_zxk-LDDqtdvExuHmdtoljLJAhJmvLTzMbkCPsBfZWXQCXlgMaT7KehibN_qLzJ81yNziP5b_TQ71tvcY-900x599.jpeg 900w\" sizes=\"(max-width: 1024px) 100vw, 1024px\" \/><\/a>Tous ont collabor\u00e9 pour nettoyer les berges de l\u2019estuaire et les pr\u00e9s-sal\u00e9s du port de la Guitti\u00e8re. Au programme, beaucoup de petits\u00a0d\u00e9tritus de plastique et des oiseaux morts apport\u00e9s lors des temp\u00eates de l\u2019hiver dernier. La m\u00e9t\u00e9o s\u2019est bien am\u00e9lior\u00e9e au cours de l\u2019apr\u00e8s midi, ce qui a favoris\u00e9 le travail. Merci \u00e0 tous.<\/p>\n<p><a href=\"http:\/\/www.maisondelestuaire.fr\/wp-content\/uploads\/2014\/05\/100_0523.jpg\"><img decoding=\"async\" loading=\"lazy\" class=\"alignnone wp-image-104 size-large\" src=\"http:\/\/www.maisondelestuaire.fr\/wp-content\/uploads\/2014\/05\/100_0523-1024x768.jpg\" alt=\"100_0523\" width=\"474\" height=\"355\" \/><\/a><\/p>\n<p>&nbsp;<\/p>\n<p><strong>op\u00e9ration relay\u00e9e par la presse : OUEST _ FRANCE du 11 mai<\/strong><\/p>\n<p><img decoding=\"async\" src=\"webkit-fake-url:\/\/1265914E-69A8-43C6-BF20-1214DAEE978E\/image.tiff\" alt=\"\" \/><\/p>\n<p><strong>Mercredi 12 mars : journ\u00e9e b\u00e9n\u00e9vole pour le nettoyage des parcs\u00a0<\/strong>suite aux temp\u00eates qui ont d\u00e9truit 300 m\u00e8tres de dune du Veillon et apport\u00e9 des quantit\u00e9s de d\u00e9tritus et les branchages et ganivelles qui devaient retenir le sable!<\/p>\n<p style=\"color: #4d4d4f;\"><img decoding=\"async\" loading=\"lazy\" class=\"aligncenter wp-image-2491 size-medium\" title=\"IMG_8303\" src=\"http:\/\/estuaire.net\/wp-content\/uploads\/2011\/07\/IMG_8303-300x225.jpg\" alt=\"\" width=\"300\" height=\"225\" \/><\/p>\n<p style=\"color: #4d4d4f;\"><img decoding=\"async\" loading=\"lazy\" class=\"alignnone wp-image-67 size-large\" src=\"http:\/\/www.maisondelestuaire.fr\/wp-content\/uploads\/2014\/05\/IMG_8327-1024x766.jpg\" alt=\"nettoyageparc2\" width=\"474\" height=\"354\" srcset=\"https:\/\/www.maisondelestuaire.fr\/wp-content\/uploads\/2014\/05\/IMG_8327-1024x766.jpg 1024w, https:\/\/www.maisondelestuaire.fr\/wp-content\/uploads\/2014\/05\/IMG_8327-300x224.jpg 300w, https:\/\/www.maisondelestuaire.fr\/wp-content\/uploads\/2014\/05\/IMG_8327.jpg 1878w\" sizes=\"(max-width: 474px) 100vw, 474px\" \/><img decoding=\"async\" loading=\"lazy\" class=\"alignnone wp-image-68 size-large\" src=\"http:\/\/www.maisondelestuaire.fr\/wp-content\/uploads\/2014\/05\/IMG_8337-1024x768.jpg\" alt=\"IMG_8337\" width=\"474\" height=\"355\" srcset=\"https:\/\/www.maisondelestuaire.fr\/wp-content\/uploads\/2014\/05\/IMG_8337-1024x768.jpg 1024w, https:\/\/www.maisondelestuaire.fr\/wp-content\/uploads\/2014\/05\/IMG_8337-300x225.jpg 300w, https:\/\/www.maisondelestuaire.fr\/wp-content\/uploads\/2014\/05\/IMG_8337.jpg 2048w\" sizes=\"(max-width: 474px) 100vw, 474px\" \/><\/p>\n","protected":false},"excerpt":{"rendered":"<p>10 mai 2014 : Grand Nettoyage ! Les sentinelles de l\u2019Estuaire au travail. Grand \u00e9v\u00e8nement public organis\u00e9 par la Maison de l\u2019Estuaire. Les b\u00e9n\u00e9voles se sont mobilis\u00e9s nombreux \u00a0pour nettoyer l\u2019estuaire et ainsi le prot\u00e9ger des m\u00e9faits conjoints de la pollution et des temp\u00eates hivernales, le tout dans la bonne humeur, garantie par les adh\u00e9rents\u00a0! &hellip; <a href=\"https:\/\/www.maisondelestuaire.fr\/?page_id=59\" class=\"more-link\">Continuer la lecture de <span class=\"screen-reader-text\">Nettoyage du littoral<\/span> <span class=\"meta-nav\">&rarr;<\/span><\/a><\/p>\n","protected":false},"author":1,"featured_media":0,"parent":2,"menu_order":0,"comment_status":"closed","ping_status":"open","template":"page-templates\/full-width.php","meta":[],"_links":{"self":[{"href":"https:\/\/www.maisondelestuaire.fr\/index.php?rest_route=\/wp\/v2\/pages\/59"}],"collection":[{"href":"https:\/\/www.maisondelestuaire.fr\/index.php?rest_route=\/wp\/v2\/pages"}],"about":[{"href":"https:\/\/www.maisondelestuaire.fr\/index.php?rest_route=\/wp\/v2\/types\/page"}],"author":[{"embeddable":true,"href":"https:\/\/www.maisondelestuaire.fr\/index.php?rest_route=\/wp\/v2\/users\/1"}],"replies":[{"embeddable":true,"href":"https:\/\/www.maisondelestuaire.fr\/index.php?rest_route=%2Fwp%2Fv2%2Fcomments&post=59"}],"version-history":[{"count":20,"href":"https:\/\/www.maisondelestuaire.fr\/index.php?rest_route=\/wp\/v2\/pages\/59\/revisions"}],"predecessor-version":[{"id":118,"href":"https:\/\/www.maisondelestuaire.fr\/index.php?rest_route=\/wp\/v2\/pages\/59\/revisions\/118"}],"up":[{"embeddable":true,"href":"https:\/\/www.maisondelestuaire.fr\/index.php?rest_route=\/wp\/v2\/pages\/2"}],"wp:attachment":[{"href":"https:\/\/www.maisondelestuaire.fr\/index.php?rest_route=%2Fwp%2Fv2%2Fmedia&parent=59"}],"curies":[{"name":"wp","href":"https:\/\/api.w.org\/{rel}","templated":true}]}}