{"id":98,"date":"2014-05-06T16:39:36","date_gmt":"2014-05-06T15:39:36","guid":{"rendered":"http:\/\/www.maisondelestuaire.fr\/?page_id=98"},"modified":"2016-02-17T17:11:50","modified_gmt":"2016-02-17T16:11:50","slug":"animations-grand-public","status":"publish","type":"page","link":"https:\/\/www.maisondelestuaire.fr\/?page_id=98","title":{"rendered":"Animations grand public"},"content":{"rendered":"<div class=\"post-176 page type-page status-publish hentry\" style=\"color: #000000;\">\n<div class=\"entry\">\n<div id=\"contenu\">\n<p>Toute l\u2019ann\u00e9e, des visites, des randonn\u00e9es d\u00e9couverte, des jeux \u00a0sont propos\u00e9s pour les groupes d\u2019adultes.<br \/>\nMerci de nous contacter et nous pourrons adapter les programmes d\u2019animation suivant vos disponibilit\u00e9s, et d\u00e9finir ensemble les objectifs suivant vos projets.\u00a0Un devis sera \u00e9tablit pour toute demande de groupe.<\/p>\n<p><strong><em><a style=\"color: #2786c2;\" href=\"http:\/\/cluster006.ovh.net\/~estuaire\/wp-content\/uploads\/2011\/04\/estuaire2.jpg\"><img decoding=\"async\" loading=\"lazy\" class=\"size-medium wp-image-1062\" title=\"estuaire\" src=\"http:\/\/cluster006.ovh.net\/~estuaire\/wp-content\/uploads\/2011\/04\/estuaire2-300x196.jpg\" alt=\"\" width=\"283\" height=\"177\" \/><\/a><\/em><\/strong><a style=\"color: #2786c2;\" href=\"http:\/\/cluster006.ovh.net\/~estuaire\/wp-content\/uploads\/2011\/04\/hissez-la-grande-voile.jpg\"><img decoding=\"async\" loading=\"lazy\" class=\"size-medium wp-image-1063\" title=\"hissez la grande voile\" src=\"http:\/\/cluster006.ovh.net\/~estuaire\/wp-content\/uploads\/2011\/04\/hissez-la-grande-voile-300x200.jpg\" alt=\"\" width=\"287\" height=\"184\" \/><\/a><a style=\"color: #2786c2;\" href=\"http:\/\/cluster006.ovh.net\/~estuaire\/wp-content\/uploads\/2011\/04\/le-chaudron-magique.jpg\"><img decoding=\"async\" loading=\"lazy\" class=\"alignnone size-medium wp-image-1064\" title=\"le chaudron magique\" src=\"http:\/\/cluster006.ovh.net\/~estuaire\/wp-content\/uploads\/2011\/04\/le-chaudron-magique-300x195.jpg\" alt=\"\" width=\"290\" height=\"188\" \/><\/a><a style=\"color: #2786c2;\" href=\"http:\/\/cluster006.ovh.net\/~estuaire\/wp-content\/uploads\/2011\/04\/les-magiciens-du-vent.jpg\"><img decoding=\"async\" loading=\"lazy\" class=\"size-medium wp-image-1065\" title=\"les magiciens du vent\" src=\"http:\/\/cluster006.ovh.net\/~estuaire\/wp-content\/uploads\/2011\/04\/les-magiciens-du-vent-300x208.jpg\" alt=\"\" width=\"288\" height=\"197\" \/><\/a><a style=\"color: #2786c2;\" href=\"http:\/\/cluster006.ovh.net\/~estuaire\/wp-content\/uploads\/2011\/04\/les-naufrageurs.jpg\"><img decoding=\"async\" loading=\"lazy\" class=\"alignnone size-medium wp-image-1066\" title=\"les naufrageurs\" src=\"http:\/\/cluster006.ovh.net\/~estuaire\/wp-content\/uploads\/2011\/04\/les-naufrageurs-300x199.jpg\" alt=\"\" width=\"288\" height=\"187\" \/><\/a><a style=\"color: #2786c2;\" href=\"http:\/\/estuaire.net\/wp-content\/uploads\/2011\/04\/route-de-lhuitre.jpg\"><img decoding=\"async\" loading=\"lazy\" class=\"alignnone size-full wp-image-2130\" title=\"route de l'huitre\" src=\"http:\/\/estuaire.net\/wp-content\/uploads\/2011\/04\/route-de-lhuitre.jpg\" alt=\"\" width=\"289\" height=\"180\" \/><\/a><a style=\"color: #2786c2;\" href=\"http:\/\/estuaire.net\/wp-content\/uploads\/2011\/04\/CP-estran-2013.jpg\"><img decoding=\"async\" loading=\"lazy\" class=\"alignnone size-full wp-image-2132\" title=\"CP estran 2013\" src=\"http:\/\/estuaire.net\/wp-content\/uploads\/2011\/04\/CP-estran-2013.jpg\" alt=\"\" width=\"290\" height=\"188\" \/><\/a><a style=\"color: #2786c2;\" href=\"http:\/\/cluster006.ovh.net\/~estuaire\/wp-content\/uploads\/2011\/04\/visite-du-grand-maarais.jpg\"><img decoding=\"async\" loading=\"lazy\" class=\"size-medium wp-image-1069\" title=\"visite du grand maarais\" src=\"http:\/\/cluster006.ovh.net\/~estuaire\/wp-content\/uploads\/2011\/04\/visite-du-grand-maarais-300x200.jpg\" alt=\"\" width=\"287\" height=\"191\" \/><\/a><a style=\"color: #2786c2;\" href=\"http:\/\/estuaire.net\/wp-content\/uploads\/2011\/04\/CP-viviers-2013.jpg\"><img decoding=\"async\" loading=\"lazy\" class=\"alignnone size-full wp-image-2131\" title=\"CP viviers 2013\" src=\"http:\/\/estuaire.net\/wp-content\/uploads\/2011\/04\/CP-viviers-2013.jpg\" alt=\"\" width=\"284\" height=\"186\" \/><\/a><\/p>\n<\/div>\n<div><\/div>\n<div><a style=\"color: #2786c2;\" title=\"La Route de l\u2019Hu\u00eetre\" href=\"http:\/\/cluster006.ovh.net\/~estuaire\/?page_id=242\">Pour en savoir plus sur la visite ostr\u00e9icole \u00ab\u00a0Route de l\u2019Hu\u00eetre\u00a0\u00bb, c\u2019est ici !<\/a><\/div>\n<div><\/div>\n<div><a href=\"http:\/\/estuaire.net\/animations\/des-circuits-pedestres-pour-decouvrir-lestuaire-du-payre\/circuit-pedestre-decouverte-du-veillon\">Circuit p\u00e9destre : d\u00e9couverte du Veillon (\u00e0 imprimer pour d\u00e9couvrir par vous m\u00eame le Bois du Veillon)\u00a0<\/a><\/div>\n<\/div>\n<\/div>\n<div><\/div>\n<div><a href=\"http:\/\/wp.me\/P1LMqt-4j\">Circuit p\u00e9destre : la Pointe du Payr\u00e9\u00a0(\u00e0 imprimer pour d\u00e9couvrir par vous m\u00eame)\u00a0<\/a><\/div>\n<div class=\"post-176 page type-page status-publish hentry\" style=\"color: #000000;\">\n<div class=\"entry\">\n<div><\/div>\n<div><\/div>\n<div><strong><em><a style=\"color: #2786c2;\" title=\"Nous contacter\" href=\"http:\/\/estuaire@mac.com\">nous contacter<\/a><\/em><br \/>\n<\/strong><\/div>\n<div class=\"clear\"><\/div>\n<\/div>\n<p class=\"postmetadata\">\n<\/div>\n<div class=\"post-142 page type-page status-publish hentry\" style=\"color: #000000;\">\n<div class=\"title\">\n<h2 style=\"color: #4d4d4f;\"><a style=\"color: #4d4d4f;\" title=\"Animations\" href=\"http:\/\/estuaire.net\/nos-projets\/nos-partenaires\/animations\" rel=\"bookmark\">Animations<\/a><\/h2>\n<p><small>Posted by\u00a0<span class=\"author\"><span class=\"author vcard\"><a class=\"url fn n\" style=\"color: #2786c2;\" title=\"View all posts by admin\" href=\"http:\/\/estuaire.net\/author\/admin\">admin<\/a><\/span><\/span>\u00a0in &#8211; (<a style=\"color: #2786c2;\" title=\"Commentaire sur Animations\" href=\"http:\/\/estuaire.net\/nos-projets\/nos-partenaires\/animations#respond\">0 Comments<\/a>)<\/small>\u00a0|\u00a0<a class=\"post-edit-link\" style=\"color: #2786c2;\" title=\"Modifier la page\" href=\"http:\/\/estuaire.net\/wp-admin\/post.php?post=142&amp;action=edit\">Edit<\/a><\/p>\n<\/div>\n<div class=\"entry\">\n<h3><a style=\"color: #2786c2;\" href=\"http:\/\/www.talmont-saint-hilaire.fr\/\"><img decoding=\"async\" loading=\"lazy\" class=\"size-full wp-image-1294 alignright\" title=\"logo talmont\" src=\"http:\/\/cluster006.ovh.net\/~estuaire\/wp-content\/uploads\/2011\/04\/logo-talmont.jpg\" alt=\"\" width=\"179\" height=\"137\" \/><\/a><\/h3>\n<h3>Nos partenaires animation<\/h3>\n<ul>\n<li><a style=\"color: #2786c2;\" href=\"http:\/\/www.fondation.veolia.com\/fr\/\">M\u00e9c\u00e9nat par la Fondation d\u2019entreprise Veolia<\/a><\/li>\n<li><a style=\"color: #2786c2;\" href=\"http:\/\/www.les-viviers-de-la-mine.fr\/\" target=\"blank\">Les viviers de la mine<\/a><\/li>\n<li><a style=\"color: #2786c2;\" href=\"http:\/\/www.ot-stvincentsurjard.com\/\" target=\"blank\">Office de tourisme de St Vincent sur Jard<\/a><\/li>\n<li><a style=\"color: #2786c2;\" href=\"http:\/\/www.jard-sur-mer.com\/\" target=\"blank\">La commune de Jard sur mer et son OTSI<\/a><\/li>\n<li><a style=\"color: #2786c2;\" href=\"http:\/\/www.pep85.com\/images\/porteau\/pdf\/projet_peda.pdf\" target=\"blank\">Centre du Porteau<\/a><a style=\"color: #2786c2;\" href=\"http:\/\/www.huitre-vendee-atlantique.fr\/\"><img decoding=\"async\" loading=\"lazy\" class=\"alignright size-full wp-image-1295\" title=\"logo OP\" src=\"http:\/\/cluster006.ovh.net\/~estuaire\/wp-content\/uploads\/2011\/04\/logo-OP.jpg\" alt=\"\" width=\"112\" height=\"80\" \/><\/a><\/li>\n<li><a style=\"color: #2786c2;\" href=\"http:\/\/www.lejardindesolfacties.com\/\" target=\"_blank\">Jardin des Olfacties<\/a><\/li>\n<li><a style=\"color: #2786c2;\" href=\"http:\/\/www.ot-talmont-bourgenay.com\/\" target=\"_blank\">Office du tourisme Talmont Saint Hilaire<\/a><\/li>\n<li><a style=\"color: #2786c2;\" href=\"http:\/\/www.huitre-vendee-atlantique.fr\/\" target=\"_blank\">OP Pays de La Loire<\/a><\/li>\n<\/ul>\n<p>&nbsp;<\/p>\n<h3><strong><a style=\"color: #2786c2;\" title=\"Animations\" href=\"http:\/\/cluster006.ovh.net\/~estuaire\/?page_id=54\">D\u00e9couvrir notre programme d\u2019animation<\/a><\/strong><\/h3>\n<\/div>\n<\/div>\n","protected":false},"excerpt":{"rendered":"<p>Toute l\u2019ann\u00e9e, des visites, des randonn\u00e9es d\u00e9couverte, des jeux \u00a0sont propos\u00e9s pour les groupes d\u2019adultes. Merci de nous contacter et nous pourrons adapter les programmes d\u2019animation suivant vos disponibilit\u00e9s, et d\u00e9finir ensemble les objectifs suivant vos projets.\u00a0Un devis sera \u00e9tablit pour toute demande de groupe. Pour en savoir plus sur la visite ostr\u00e9icole \u00ab\u00a0Route de &hellip; <a href=\"https:\/\/www.maisondelestuaire.fr\/?page_id=98\" class=\"more-link\">Continuer la lecture de <span class=\"screen-reader-text\">Animations grand public<\/span> <span class=\"meta-nav\">&rarr;<\/span><\/a><\/p>\n","protected":false},"author":1,"featured_media":0,"parent":0,"menu_order":1,"comment_status":"open","ping_status":"open","template":"page-templates\/full-width.php","meta":[],"_links":{"self":[{"href":"https:\/\/www.maisondelestuaire.fr\/index.php?rest_route=\/wp\/v2\/pages\/98"}],"collection":[{"href":"https:\/\/www.maisondelestuaire.fr\/index.php?rest_route=\/wp\/v2\/pages"}],"about":[{"href":"https:\/\/www.maisondelestuaire.fr\/index.php?rest_route=\/wp\/v2\/types\/page"}],"author":[{"embeddable":true,"href":"https:\/\/www.maisondelestuaire.fr\/index.php?rest_route=\/wp\/v2\/users\/1"}],"replies":[{"embeddable":true,"href":"https:\/\/www.maisondelestuaire.fr\/index.php?rest_route=%2Fwp%2Fv2%2Fcomments&post=98"}],"version-history":[{"count":4,"href":"https:\/\/www.maisondelestuaire.fr\/index.php?rest_route=\/wp\/v2\/pages\/98\/revisions"}],"predecessor-version":[{"id":180,"href":"https:\/\/www.maisondelestuaire.fr\/index.php?rest_route=\/wp\/v2\/pages\/98\/revisions\/180"}],"wp:attachment":[{"href":"https:\/\/www.maisondelestuaire.fr\/index.php?rest_route=%2Fwp%2Fv2%2Fmedia&parent=98"}],"curies":[{"name":"wp","href":"https:\/\/api.w.org\/{rel}","templated":true}]}}